{"id":731,"date":"2022-04-13T07:16:18","date_gmt":"2022-04-13T07:16:18","guid":{"rendered":"https:\/\/pintoresfederico.com\/?page_id=731"},"modified":"2022-04-13T07:19:18","modified_gmt":"2022-04-13T07:19:18","slug":"aviso-legal","status":"publish","type":"page","link":"https:\/\/pintoresfederico.com\/en\/aviso-legal","title":{"rendered":"Legal warning"},"content":{"rendered":"<div data-elementor-type=\"wp-page\" data-elementor-id=\"731\" class=\"elementor elementor-731\" data-elementor-post-type=\"page\">\n\t\t\t\t\t\t<section class=\"elementor-section elementor-top-section elementor-element elementor-element-cd46224 elementor-section-height-min-height elementor-section-boxed elementor-section-height-default elementor-section-items-middle\" data-id=\"cd46224\" data-element_type=\"section\" data-e-type=\"section\" data-settings=\"{&quot;background_background&quot;:&quot;classic&quot;}\">\n\t\t\t\t\t\t<div class=\"elementor-container elementor-column-gap-default\">\n\t\t\t\t\t<div class=\"elementor-column elementor-col-100 elementor-top-column elementor-element elementor-element-f2036d0\" data-id=\"f2036d0\" data-element_type=\"column\" data-e-type=\"column\">\n\t\t\t<div class=\"elementor-widget-wrap elementor-element-populated\">\n\t\t\t\t\t\t<div class=\"elementor-element elementor-element-3e46fbd elementor-widget elementor-widget-heading\" data-id=\"3e46fbd\" data-element_type=\"widget\" data-e-type=\"widget\" data-widget_type=\"heading.default\">\n\t\t\t\t<div class=\"elementor-widget-container\">\n\t\t\t\t\t<h2 class=\"elementor-heading-title elementor-size-default\">Legal warning<\/h2>\t\t\t\t<\/div>\n\t\t\t\t<\/div>\n\t\t\t\t\t<\/div>\n\t\t<\/div>\n\t\t\t\t\t<\/div>\n\t\t<\/section>\n\t\t\t\t<section class=\"elementor-section elementor-top-section elementor-element elementor-element-e0e42e2 elementor-section-boxed elementor-section-height-default elementor-section-height-default\" data-id=\"e0e42e2\" data-element_type=\"section\" data-e-type=\"section\">\n\t\t\t\t\t\t<div class=\"elementor-container elementor-column-gap-default\">\n\t\t\t\t\t<div class=\"elementor-column elementor-col-100 elementor-top-column elementor-element elementor-element-b1d3736\" data-id=\"b1d3736\" data-element_type=\"column\" data-e-type=\"column\">\n\t\t\t<div class=\"elementor-widget-wrap elementor-element-populated\">\n\t\t\t\t\t\t<div class=\"elementor-element elementor-element-412e1c2 elementor-widget elementor-widget-spacer\" data-id=\"412e1c2\" data-element_type=\"widget\" data-e-type=\"widget\" data-widget_type=\"spacer.default\">\n\t\t\t\t<div class=\"elementor-widget-container\">\n\t\t\t\t\t\t\t<div class=\"elementor-spacer\">\n\t\t\t<div class=\"elementor-spacer-inner\"><\/div>\n\t\t<\/div>\n\t\t\t\t\t\t<\/div>\n\t\t\t\t<\/div>\n\t\t\t\t\t<\/div>\n\t\t<\/div>\n\t\t\t\t\t<\/div>\n\t\t<\/section>\n\t\t\t\t<section class=\"elementor-section elementor-top-section elementor-element elementor-element-8a36531 elementor-section-boxed elementor-section-height-default elementor-section-height-default\" data-id=\"8a36531\" data-element_type=\"section\" data-e-type=\"section\">\n\t\t\t\t\t\t<div class=\"elementor-container elementor-column-gap-default\">\n\t\t\t\t\t<div class=\"elementor-column elementor-col-100 elementor-top-column elementor-element elementor-element-2d1291f\" data-id=\"2d1291f\" data-element_type=\"column\" data-e-type=\"column\">\n\t\t\t<div class=\"elementor-widget-wrap elementor-element-populated\">\n\t\t\t\t\t\t<div class=\"elementor-element elementor-element-a34141e elementor-widget elementor-widget-text-editor\" data-id=\"a34141e\" data-element_type=\"widget\" data-e-type=\"widget\" data-widget_type=\"text-editor.default\">\n\t\t\t\t<div class=\"elementor-widget-container\">\n\t\t\t\t\t\t\t\t\t<h3 class=\"elementor-heading-title elementor-size-default\">T\u00c9RMINOS Y CONDICIONES DE USO.<\/h3>\t\t\t\t\t\t\t\t<\/div>\n\t\t\t\t<\/div>\n\t\t\t\t\t<\/div>\n\t\t<\/div>\n\t\t\t\t\t<\/div>\n\t\t<\/section>\n\t\t\t\t<section class=\"elementor-section elementor-top-section elementor-element elementor-element-8f2376b elementor-section-boxed elementor-section-height-default elementor-section-height-default\" data-id=\"8f2376b\" data-element_type=\"section\" data-e-type=\"section\">\n\t\t\t\t\t\t<div class=\"elementor-container elementor-column-gap-default\">\n\t\t\t\t\t<div class=\"elementor-column elementor-col-100 elementor-top-column elementor-element elementor-element-b2885a9\" data-id=\"b2885a9\" data-element_type=\"column\" data-e-type=\"column\">\n\t\t\t<div class=\"elementor-widget-wrap elementor-element-populated\">\n\t\t\t\t\t\t<div class=\"elementor-element elementor-element-1290c25 elementor-widget elementor-widget-text-editor\" data-id=\"1290c25\" data-element_type=\"widget\" data-e-type=\"widget\" data-widget_type=\"text-editor.default\">\n\t\t\t\t<div class=\"elementor-widget-container\">\n\t\t\t\t\t\t\t\t\t<section class=\"elementor-section elementor-top-section elementor-element elementor-element-38db115 elementor-section-boxed elementor-section-height-default elementor-section-height-default\" data-id=\"38db115\" data-element_type=\"section\"><div class=\"elementor-container elementor-column-gap-default\"><div class=\"elementor-column elementor-col-100 elementor-top-column elementor-element elementor-element-46a77c3\" data-id=\"46a77c3\" data-element_type=\"column\"><div class=\"elementor-widget-wrap elementor-element-populated\"><div class=\"elementor-element elementor-element-3794c83 elementor-widget elementor-widget-text-editor\" data-id=\"3794c83\" data-element_type=\"widget\" data-widget_type=\"text-editor.default\"><div class=\"elementor-widget-container\"><p>En cumplimiento del Reglamento General de Protecci\u00f3n e Datos (UE) 2016\/679 del Parlamento Europeo y del Consejo de 27 de Abril de 2016 y la ley Org\u00e1nica 3\/2018, de 5 de diciembre de Protecci\u00f3n de datos por Vd. proporcionados ser\u00e1n objeto de tratamiento por parte de<strong> PINTORES FEDERICO SOLER GARC\u00cdA<\/strong>\u00a0con C.I.F 74185184, con domicilio en <b>ORIHUELA, ALICANTE<\/b>\u00a0con la finalidad de prestarte el servicio solicitado y\/o contratado, realizar la facturaci\u00f3n del mismo.<\/p><\/div><\/div><\/div><\/div><\/div><\/section><section class=\"elementor-section elementor-top-section elementor-element elementor-element-ec5b242 elementor-section-boxed elementor-section-height-default elementor-section-height-default\" data-id=\"ec5b242\" data-element_type=\"section\"><div class=\"elementor-container elementor-column-gap-default\"><div class=\"elementor-column elementor-col-100 elementor-top-column elementor-element elementor-element-97cdb8d\" data-id=\"97cdb8d\" data-element_type=\"column\"><div class=\"elementor-widget-wrap elementor-element-populated\"><div class=\"elementor-element elementor-element-40a8597 elementor-widget elementor-widget-text-editor\" data-id=\"40a8597\" data-element_type=\"widget\" data-widget_type=\"text-editor.default\"><div class=\"elementor-widget-container\"><p>La base legal para el tratamiento de sus datos es la ejecuci\u00f3n del servicio por usted contratado y\/o solicitado. La oferta prospectiva de productos y servicios est\u00e1 basada en el consentimiento que se le solicita, sin que en ning\u00fan caso la retirada de este consentimiento condicione la ejecuci\u00f3n del contrato.<\/p><\/div><\/div><\/div><\/div><\/div><\/section><section class=\"elementor-section elementor-top-section elementor-element elementor-element-c49e9fd elementor-section-boxed elementor-section-height-default elementor-section-height-default\" data-id=\"c49e9fd\" data-element_type=\"section\"><div class=\"elementor-container elementor-column-gap-default\"><div class=\"elementor-column elementor-col-100 elementor-top-column elementor-element elementor-element-f84f38f\" data-id=\"f84f38f\" data-element_type=\"column\"><div class=\"elementor-widget-wrap elementor-element-populated\"><div class=\"elementor-element elementor-element-1f8a56d elementor-widget elementor-widget-text-editor\" data-id=\"1f8a56d\" data-element_type=\"widget\" data-widget_type=\"text-editor.default\"><div class=\"elementor-widget-container\"><p>Los datos proporcionados se conservar\u00e1n mientras se mantenga la relaci\u00f3n comercial o durante los a\u00f1os necesarios para cumplir con las obligaciones legales. Los datos no se ceder\u00e1n a terceros salvo en los casos en que exista una obligaci\u00f3n legal.<\/p><\/div><\/div><\/div><\/div><\/div><\/section><section class=\"elementor-section elementor-top-section elementor-element elementor-element-255b23a elementor-section-boxed elementor-section-height-default elementor-section-height-default\" data-id=\"255b23a\" data-element_type=\"section\"><div class=\"elementor-container elementor-column-gap-default\"><div class=\"elementor-column elementor-col-100 elementor-top-column elementor-element elementor-element-efa485a\" data-id=\"efa485a\" data-element_type=\"column\"><div class=\"elementor-widget-wrap elementor-element-populated\"><div class=\"elementor-element elementor-element-60bda3c elementor-widget elementor-widget-text-editor\" data-id=\"60bda3c\" data-element_type=\"widget\" data-widget_type=\"text-editor.default\"><div class=\"elementor-widget-container\"><p>Usted tiene derecho a obtener confirmaci\u00f3n sobre si\u00a0<strong>PINTORES FEDERICO SOLER GARC\u00cdA<\/strong>\u00a0estamos tratando sus datos personales y por tanto tiene derecho a ejercer sus derechos de acceso, rectificaci\u00f3n, limitaci\u00f3n del tratamiento, portabilidad, oposici\u00f3n al tratamiento y supresi\u00f3n de sus datos as\u00ed como el derecho a presentar una reclamaci\u00f3n ante la Autoridad de Control mediante escrito dirigido a la direcci\u00f3n postal arriba mencionada o electr\u00f3nica\u00a0<strong>pinturasfederico@gmail.com<\/strong>\u00a0adjuntando copia del DI en ambos casos.<\/p><\/div><\/div><div class=\"elementor-element elementor-element-8b4bd55 elementor-widget elementor-widget-text-editor\" data-id=\"8b4bd55\" data-element_type=\"widget\" data-widget_type=\"text-editor.default\"><div class=\"elementor-widget-container\"><p>Asimismo, le solicitamos una autorizaci\u00f3n para ofrecerle productos y servicios relacionados, prestados y\/o comercializados por nuestra entidad y poder de esa forma fidelizarte como cliente.<\/p><\/div><\/div><\/div><\/div><\/div><\/section>\t\t\t\t\t\t\t\t<\/div>\n\t\t\t\t<\/div>\n\t\t\t\t\t<\/div>\n\t\t<\/div>\n\t\t\t\t\t<\/div>\n\t\t<\/section>\n\t\t\t\t<\/div>","protected":false},"excerpt":{"rendered":"<p>Aviso Legal T\u00c9RMINOS Y CONDICIONES DE USO. En cumplimiento del Reglamento General de Protecci\u00f3n e Datos (UE) 2016\/679 del Parlamento Europeo y del Consejo de 27 de Abril de 2016 y la ley Org\u00e1nica 3\/2018, de 5 de diciembre de Protecci\u00f3n de datos por Vd. proporcionados ser\u00e1n objeto de tratamiento por parte de PINTORES FEDERICO [&hellip;]<\/p>\n","protected":false},"author":1,"featured_media":0,"parent":0,"menu_order":0,"comment_status":"closed","ping_status":"closed","template":"","meta":{"_monsterinsights_skip_tracking":false,"_monsterinsights_sitenote_active":false,"_monsterinsights_sitenote_note":"","_monsterinsights_sitenote_category":0,"site-sidebar-layout":"no-sidebar","site-content-layout":"page-builder","ast-site-content-layout":"default","site-content-style":"default","site-sidebar-style":"default","ast-global-header-display":"","ast-banner-title-visibility":"","ast-main-header-display":"","ast-hfb-above-header-display":"","ast-hfb-below-header-display":"","ast-hfb-mobile-header-display":"","site-post-title":"disabled","ast-breadcrumbs-content":"","ast-featured-img":"disabled","footer-sml-layout":"","ast-disable-related-posts":"","theme-transparent-header-meta":"","adv-header-id-meta":"","stick-header-meta":"","header-above-stick-meta":"","header-main-stick-meta":"","header-below-stick-meta":"","astra-migrate-meta-layouts":"default","ast-page-background-enabled":"default","ast-page-background-meta":{"desktop":{"background-color":"","background-image":"","background-repeat":"repeat","background-position":"center center","background-size":"auto","background-attachment":"scroll","background-type":"","background-media":"","overlay-type":"","overlay-color":"","overlay-opacity":"","overlay-gradient":""},"tablet":{"background-color":"","background-image":"","background-repeat":"repeat","background-position":"center center","background-size":"auto","background-attachment":"scroll","background-type":"","background-media":"","overlay-type":"","overlay-color":"","overlay-opacity":"","overlay-gradient":""},"mobile":{"background-color":"","background-image":"","background-repeat":"repeat","background-position":"center center","background-size":"auto","background-attachment":"scroll","background-type":"","background-media":"","overlay-type":"","overlay-color":"","overlay-opacity":"","overlay-gradient":""}},"ast-content-background-meta":{"desktop":{"background-color":"var(--ast-global-color-5)","background-image":"","background-repeat":"repeat","background-position":"center center","background-size":"auto","background-attachment":"scroll","background-type":"","background-media":"","overlay-type":"","overlay-color":"","overlay-opacity":"","overlay-gradient":""},"tablet":{"background-color":"var(--ast-global-color-5)","background-image":"","background-repeat":"repeat","background-position":"center center","background-size":"auto","background-attachment":"scroll","background-type":"","background-media":"","overlay-type":"","overlay-color":"","overlay-opacity":"","overlay-gradient":""},"mobile":{"background-color":"var(--ast-global-color-5)","background-image":"","background-repeat":"repeat","background-position":"center center","background-size":"auto","background-attachment":"scroll","background-type":"","background-media":"","overlay-type":"","overlay-color":"","overlay-opacity":"","overlay-gradient":""}},"_joinchat":[],"footnotes":""},"class_list":["post-731","page","type-page","status-publish","hentry"],"yoast_head":"<!-- This site is optimized with the Yoast SEO plugin v27.4 - https:\/\/yoast.com\/product\/yoast-seo-wordpress\/ -->\n<title>Aviso Legal - Pintores en Torrevieja y Orihuela<\/title>\n<meta name=\"description\" content=\"Consulta nuestro aviso legal para saber m\u00e1s sobre el uso de tus datos personales. Garantizamos la seguridad y confidencialidad.\" \/>\n<meta name=\"robots\" content=\"index, follow, max-snippet:-1, max-image-preview:large, max-video-preview:-1\" \/>\n<link rel=\"canonical\" href=\"https:\/\/pintoresfederico.com\/en\/aviso-legal\/\" \/>\n<meta property=\"og:locale\" content=\"en_GB\" \/>\n<meta property=\"og:type\" content=\"article\" \/>\n<meta property=\"og:title\" content=\"Aviso Legal - Pintores en Torrevieja y Orihuela\" \/>\n<meta property=\"og:description\" content=\"Consulta nuestro aviso legal para saber m\u00e1s sobre el uso de tus datos personales. Garantizamos la seguridad y confidencialidad.\" \/>\n<meta property=\"og:url\" content=\"https:\/\/pintoresfederico.com\/en\/aviso-legal\/\" \/>\n<meta property=\"og:site_name\" content=\"Pintores en Torrevieja y Orihuela\" \/>\n<meta property=\"article:modified_time\" content=\"2022-04-13T07:19:18+00:00\" \/>\n<meta name=\"twitter:card\" content=\"summary_large_image\" \/>\n<meta name=\"twitter:label1\" content=\"Estimated reading time\" \/>\n\t<meta name=\"twitter:data1\" content=\"2 minutes\" \/>\n<script type=\"application\/ld+json\" class=\"yoast-schema-graph\">{\"@context\":\"https:\\\/\\\/schema.org\",\"@graph\":[{\"@type\":\"WebPage\",\"@id\":\"https:\\\/\\\/pintoresfederico.com\\\/aviso-legal\",\"url\":\"https:\\\/\\\/pintoresfederico.com\\\/aviso-legal\",\"name\":\"Aviso Legal - Pintores en Torrevieja y Orihuela\",\"isPartOf\":{\"@id\":\"https:\\\/\\\/pintoresfederico.com\\\/#website\"},\"datePublished\":\"2022-04-13T07:16:18+00:00\",\"dateModified\":\"2022-04-13T07:19:18+00:00\",\"description\":\"Consulta nuestro aviso legal para saber m\u00e1s sobre el uso de tus datos personales. Garantizamos la seguridad y confidencialidad.\",\"breadcrumb\":{\"@id\":\"https:\\\/\\\/pintoresfederico.com\\\/aviso-legal#breadcrumb\"},\"inLanguage\":\"en-GB\",\"potentialAction\":[{\"@type\":\"ReadAction\",\"target\":[\"https:\\\/\\\/pintoresfederico.com\\\/aviso-legal\"]}]},{\"@type\":\"BreadcrumbList\",\"@id\":\"https:\\\/\\\/pintoresfederico.com\\\/aviso-legal#breadcrumb\",\"itemListElement\":[{\"@type\":\"ListItem\",\"position\":1,\"name\":\"Portada\",\"item\":\"https:\\\/\\\/pintoresfederico.com\\\/\"},{\"@type\":\"ListItem\",\"position\":2,\"name\":\"Aviso Legal\"}]},{\"@type\":\"WebSite\",\"@id\":\"https:\\\/\\\/pintoresfederico.com\\\/#website\",\"url\":\"https:\\\/\\\/pintoresfederico.com\\\/\",\"name\":\"Pintores en Torrevieja y Orihuela\",\"description\":\"Limpieza y Calidad\",\"publisher\":{\"@id\":\"https:\\\/\\\/pintoresfederico.com\\\/#organization\"},\"potentialAction\":[{\"@type\":\"SearchAction\",\"target\":{\"@type\":\"EntryPoint\",\"urlTemplate\":\"https:\\\/\\\/pintoresfederico.com\\\/?s={search_term_string}\"},\"query-input\":{\"@type\":\"PropertyValueSpecification\",\"valueRequired\":true,\"valueName\":\"search_term_string\"}}],\"inLanguage\":\"en-GB\"},{\"@type\":\"Organization\",\"@id\":\"https:\\\/\\\/pintoresfederico.com\\\/#organization\",\"name\":\"Pintores Federico Soler Garc\u00eda\",\"url\":\"https:\\\/\\\/pintoresfederico.com\\\/\",\"logo\":{\"@type\":\"ImageObject\",\"inLanguage\":\"en-GB\",\"@id\":\"https:\\\/\\\/pintoresfederico.com\\\/#\\\/schema\\\/logo\\\/image\\\/\",\"url\":\"https:\\\/\\\/i0.wp.com\\\/pintoresfederico.com\\\/wp-content\\\/uploads\\\/2022\\\/04\\\/WhatsApp_Image_2022-04-06_at_10.13.19_AM__1_-removebg-preview.png?fit=986%2C253&ssl=1\",\"contentUrl\":\"https:\\\/\\\/i0.wp.com\\\/pintoresfederico.com\\\/wp-content\\\/uploads\\\/2022\\\/04\\\/WhatsApp_Image_2022-04-06_at_10.13.19_AM__1_-removebg-preview.png?fit=986%2C253&ssl=1\",\"width\":986,\"height\":253,\"caption\":\"Pintores Federico Soler Garc\u00eda\"},\"image\":{\"@id\":\"https:\\\/\\\/pintoresfederico.com\\\/#\\\/schema\\\/logo\\\/image\\\/\"}}]}<\/script>\n<!-- \/ Yoast SEO plugin. -->","yoast_head_json":{"title":"Aviso Legal - Pintores en Torrevieja y Orihuela","description":"Consulta nuestro aviso legal para saber m\u00e1s sobre el uso de tus datos personales. Garantizamos la seguridad y confidencialidad.","robots":{"index":"index","follow":"follow","max-snippet":"max-snippet:-1","max-image-preview":"max-image-preview:large","max-video-preview":"max-video-preview:-1"},"canonical":"https:\/\/pintoresfederico.com\/en\/aviso-legal\/","og_locale":"en_GB","og_type":"article","og_title":"Aviso Legal - Pintores en Torrevieja y Orihuela","og_description":"Consulta nuestro aviso legal para saber m\u00e1s sobre el uso de tus datos personales. Garantizamos la seguridad y confidencialidad.","og_url":"https:\/\/pintoresfederico.com\/en\/aviso-legal\/","og_site_name":"Pintores en Torrevieja y Orihuela","article_modified_time":"2022-04-13T07:19:18+00:00","twitter_card":"summary_large_image","twitter_misc":{"Estimated reading time":"2 minutes"},"schema":{"@context":"https:\/\/schema.org","@graph":[{"@type":"WebPage","@id":"https:\/\/pintoresfederico.com\/aviso-legal","url":"https:\/\/pintoresfederico.com\/aviso-legal","name":"Aviso Legal - Pintores en Torrevieja y Orihuela","isPartOf":{"@id":"https:\/\/pintoresfederico.com\/#website"},"datePublished":"2022-04-13T07:16:18+00:00","dateModified":"2022-04-13T07:19:18+00:00","description":"Consulta nuestro aviso legal para saber m\u00e1s sobre el uso de tus datos personales. Garantizamos la seguridad y confidencialidad.","breadcrumb":{"@id":"https:\/\/pintoresfederico.com\/aviso-legal#breadcrumb"},"inLanguage":"en-GB","potentialAction":[{"@type":"ReadAction","target":["https:\/\/pintoresfederico.com\/aviso-legal"]}]},{"@type":"BreadcrumbList","@id":"https:\/\/pintoresfederico.com\/aviso-legal#breadcrumb","itemListElement":[{"@type":"ListItem","position":1,"name":"Portada","item":"https:\/\/pintoresfederico.com\/"},{"@type":"ListItem","position":2,"name":"Aviso Legal"}]},{"@type":"WebSite","@id":"https:\/\/pintoresfederico.com\/#website","url":"https:\/\/pintoresfederico.com\/","name":"Pintores en Torrevieja y Orihuela","description":"Limpieza y Calidad","publisher":{"@id":"https:\/\/pintoresfederico.com\/#organization"},"potentialAction":[{"@type":"SearchAction","target":{"@type":"EntryPoint","urlTemplate":"https:\/\/pintoresfederico.com\/?s={search_term_string}"},"query-input":{"@type":"PropertyValueSpecification","valueRequired":true,"valueName":"search_term_string"}}],"inLanguage":"en-GB"},{"@type":"Organization","@id":"https:\/\/pintoresfederico.com\/#organization","name":"Painters Federico Soler Garc\u00eda","url":"https:\/\/pintoresfederico.com\/","logo":{"@type":"ImageObject","inLanguage":"en-GB","@id":"https:\/\/pintoresfederico.com\/#\/schema\/logo\/image\/","url":"https:\/\/i0.wp.com\/pintoresfederico.com\/wp-content\/uploads\/2022\/04\/WhatsApp_Image_2022-04-06_at_10.13.19_AM__1_-removebg-preview.png?fit=986%2C253&ssl=1","contentUrl":"https:\/\/i0.wp.com\/pintoresfederico.com\/wp-content\/uploads\/2022\/04\/WhatsApp_Image_2022-04-06_at_10.13.19_AM__1_-removebg-preview.png?fit=986%2C253&ssl=1","width":986,"height":253,"caption":"Pintores Federico Soler Garc\u00eda"},"image":{"@id":"https:\/\/pintoresfederico.com\/#\/schema\/logo\/image\/"}}]}},"jetpack_sharing_enabled":true,"_links":{"self":[{"href":"https:\/\/pintoresfederico.com\/en\/wp-json\/wp\/v2\/pages\/731","targetHints":{"allow":["GET"]}}],"collection":[{"href":"https:\/\/pintoresfederico.com\/en\/wp-json\/wp\/v2\/pages"}],"about":[{"href":"https:\/\/pintoresfederico.com\/en\/wp-json\/wp\/v2\/types\/page"}],"author":[{"embeddable":true,"href":"https:\/\/pintoresfederico.com\/en\/wp-json\/wp\/v2\/users\/1"}],"replies":[{"embeddable":true,"href":"https:\/\/pintoresfederico.com\/en\/wp-json\/wp\/v2\/comments?post=731"}],"version-history":[{"count":0,"href":"https:\/\/pintoresfederico.com\/en\/wp-json\/wp\/v2\/pages\/731\/revisions"}],"wp:attachment":[{"href":"https:\/\/pintoresfederico.com\/en\/wp-json\/wp\/v2\/media?parent=731"}],"curies":[{"name":"wp","href":"https:\/\/api.w.org\/{rel}","templated":true}]}}